{"id":57,"date":"2022-02-14T15:11:09","date_gmt":"2022-02-14T15:11:09","guid":{"rendered":"https:\/\/www.cssigniter.com\/demos\/santorini-resort\/?page_id=57"},"modified":"2022-03-16T09:06:24","modified_gmt":"2022-03-16T09:06:24","slug":"gallery","status":"publish","type":"page","link":"https:\/\/aparthotel-gimi.com\/hr\/gallery\/","title":{"rendered":"Galerija"},"content":{"rendered":"\n<div id=\"block-69da94-e2f1-40\" class=\"wp-block-gutenbee-video-embed block-69da94-e2f1-40 gutenbee-video-embed-block-wrapper is-style-ignition-zermatt-border-image\"><div class=\"gutenbee-video-embed-wrapper\"><div class=\"gutenbee-video-embed\" data-video-lazy=\"false\" data-video-id=\"tPu3IEfneI0\" data-video-controls=\"true\" data-video-autoplay=\"false\" data-video-mute=\"false\" data-video-loop=\"false\" data-video-branding=\"true\" data-video-type=\"youtube\"><div id=\"video-block-69da94-e2f1-40\"><\/div><div class=\"gutenbee-spinner\"><\/div><\/div><\/div><\/div>\n\n\n\n<div id=\"block-637638-b28a-4d\" class=\"wp-block-gutenbee-justified-gallery block-637638-b28a-4d wp-block-gutenbee-gallery-justified is-style-default\" data-gallery-type=\"justified\" data-row-height=\"235\" data-margins=\"10\" data-last-row=\"justify\" data-randomize=\"false\"><div class=\"wp-block-gutenbee-gallery-content\"><div class=\"wp-block-gutenbee-gallery-item\"><a class=\"wp-block-gutenbee-gallery-item-link\" href=\"https:\/\/aparthotel-gimi.com\/wp-content\/uploads\/2022\/03\/255646585.jpg\" data-lightbox=\"gal[57]\"><img decoding=\"async\" src=\"https:\/\/aparthotel-gimi.com\/wp-content\/uploads\/2022\/03\/255646585.jpg\" alt=\"\" data-id=\"260\" data-link=\"https:\/\/aparthotel-gimi.com\/accommodation\/studio-apartment\/attachment\/255646585\/\" class=\"wp-block-gutenbee-gallery-item-image\"\/><\/a><\/div><div class=\"wp-block-gutenbee-gallery-item\"><a class=\"wp-block-gutenbee-gallery-item-link\" href=\"https:\/\/aparthotel-gimi.com\/wp-content\/uploads\/2022\/03\/255646568.jpg\" data-lightbox=\"gal[57]\"><img decoding=\"async\" src=\"https:\/\/aparthotel-gimi.com\/wp-content\/uploads\/2022\/03\/255646568.jpg\" alt=\"Studio apartment\" data-id=\"259\" data-link=\"https:\/\/aparthotel-gimi.com\/accommodation\/studio-apartment\/attachment\/255646568\/\" class=\"wp-block-gutenbee-gallery-item-image\"\/><\/a><\/div><div class=\"wp-block-gutenbee-gallery-item\"><a class=\"wp-block-gutenbee-gallery-item-link\" href=\"https:\/\/aparthotel-gimi.com\/wp-content\/uploads\/2022\/03\/255646563.jpg\" data-lightbox=\"gal[57]\"><img decoding=\"async\" src=\"https:\/\/aparthotel-gimi.com\/wp-content\/uploads\/2022\/03\/255646563.jpg\" alt=\"\" data-id=\"257\" data-link=\"https:\/\/aparthotel-gimi.com\/accommodation\/studio-apartment\/attachment\/255646563\/\" class=\"wp-block-gutenbee-gallery-item-image\"\/><\/a><\/div><div class=\"wp-block-gutenbee-gallery-item\"><a class=\"wp-block-gutenbee-gallery-item-link\" href=\"https:\/\/aparthotel-gimi.com\/wp-content\/uploads\/2022\/03\/255646678-1.jpg\" data-lightbox=\"gal[57]\"><img decoding=\"async\" src=\"https:\/\/aparthotel-gimi.com\/wp-content\/uploads\/2022\/03\/255646678-1.jpg\" alt=\"\" data-id=\"244\" data-link=\"https:\/\/aparthotel-gimi.com\/accommodation\/deluxe-apartment\/255646678-2\/\" class=\"wp-block-gutenbee-gallery-item-image\"\/><\/a><\/div><div class=\"wp-block-gutenbee-gallery-item\"><a class=\"wp-block-gutenbee-gallery-item-link\" href=\"https:\/\/aparthotel-gimi.com\/wp-content\/uploads\/2022\/03\/255646548.jpg\" data-lightbox=\"gal[57]\"><img decoding=\"async\" src=\"https:\/\/aparthotel-gimi.com\/wp-content\/uploads\/2022\/03\/255646548.jpg\" alt=\"\" data-id=\"252\" data-link=\"https:\/\/aparthotel-gimi.com\/accommodation\/studio-apartment\/attachment\/255646548\/\" class=\"wp-block-gutenbee-gallery-item-image\"\/><\/a><\/div><div class=\"wp-block-gutenbee-gallery-item\"><a class=\"wp-block-gutenbee-gallery-item-link\" href=\"https:\/\/aparthotel-gimi.com\/wp-content\/uploads\/2022\/03\/255646563-1.jpg\" data-lightbox=\"gal[57]\"><img decoding=\"async\" src=\"https:\/\/aparthotel-gimi.com\/wp-content\/uploads\/2022\/03\/255646563-1.jpg\" alt=\"\" data-id=\"256\" data-link=\"https:\/\/aparthotel-gimi.com\/accommodation\/studio-apartment\/255646563-1\/\" class=\"wp-block-gutenbee-gallery-item-image\"\/><\/a><\/div><div class=\"wp-block-gutenbee-gallery-item\"><a class=\"wp-block-gutenbee-gallery-item-link\" href=\"https:\/\/aparthotel-gimi.com\/wp-content\/uploads\/2022\/03\/255646651-1.jpg\" data-lightbox=\"gal[57]\"><img decoding=\"async\" src=\"https:\/\/aparthotel-gimi.com\/wp-content\/uploads\/2022\/03\/255646651-1.jpg\" alt=\"\" data-id=\"239\" data-link=\"https:\/\/aparthotel-gimi.com\/accommodation\/deluxe-apartment\/255646651-2\/\" class=\"wp-block-gutenbee-gallery-item-image\"\/><\/a><\/div><div class=\"wp-block-gutenbee-gallery-item\"><a class=\"wp-block-gutenbee-gallery-item-link\" href=\"https:\/\/aparthotel-gimi.com\/wp-content\/uploads\/2022\/03\/255646614-1.jpg\" data-lightbox=\"gal[57]\"><img decoding=\"async\" src=\"https:\/\/aparthotel-gimi.com\/wp-content\/uploads\/2022\/03\/255646614-1.jpg\" alt=\"\" data-id=\"234\" data-link=\"https:\/\/aparthotel-gimi.com\/accommodation\/deluxe-apartment\/255646614-2\/\" class=\"wp-block-gutenbee-gallery-item-image\"\/><\/a><\/div><div class=\"wp-block-gutenbee-gallery-item\"><a class=\"wp-block-gutenbee-gallery-item-link\" href=\"https:\/\/aparthotel-gimi.com\/wp-content\/uploads\/2022\/03\/255646640-1.jpg\" data-lightbox=\"gal[57]\"><img decoding=\"async\" src=\"https:\/\/aparthotel-gimi.com\/wp-content\/uploads\/2022\/03\/255646640-1.jpg\" alt=\"\" data-id=\"236\" data-link=\"https:\/\/aparthotel-gimi.com\/accommodation\/deluxe-apartment\/255646640-2\/\" class=\"wp-block-gutenbee-gallery-item-image\"\/><\/a><\/div><div class=\"wp-block-gutenbee-gallery-item\"><a class=\"wp-block-gutenbee-gallery-item-link\" href=\"https:\/\/aparthotel-gimi.com\/wp-content\/uploads\/2022\/03\/255646670.jpg\" data-lightbox=\"gal[57]\"><img decoding=\"async\" src=\"https:\/\/aparthotel-gimi.com\/wp-content\/uploads\/2022\/03\/255646670.jpg\" alt=\"\" data-id=\"222\" data-link=\"https:\/\/aparthotel-gimi.com\/accommodation\/deluxe-apartment\/attachment\/255646670\/\" class=\"wp-block-gutenbee-gallery-item-image\"\/><\/a><\/div><div class=\"wp-block-gutenbee-gallery-item\"><a class=\"wp-block-gutenbee-gallery-item-link\" href=\"https:\/\/aparthotel-gimi.com\/wp-content\/uploads\/2022\/03\/255646664.jpg\" data-lightbox=\"gal[57]\"><img decoding=\"async\" src=\"https:\/\/aparthotel-gimi.com\/wp-content\/uploads\/2022\/03\/255646664.jpg\" alt=\"\" data-id=\"221\" data-link=\"https:\/\/aparthotel-gimi.com\/accommodation\/deluxe-apartment\/attachment\/255646664\/\" class=\"wp-block-gutenbee-gallery-item-image\"\/><\/a><\/div><div class=\"wp-block-gutenbee-gallery-item\"><a class=\"wp-block-gutenbee-gallery-item-link\" href=\"https:\/\/aparthotel-gimi.com\/wp-content\/uploads\/2022\/03\/255646640.jpg\" data-lightbox=\"gal[57]\"><img decoding=\"async\" src=\"https:\/\/aparthotel-gimi.com\/wp-content\/uploads\/2022\/03\/255646640.jpg\" alt=\"\" data-id=\"215\" data-link=\"https:\/\/aparthotel-gimi.com\/accommodation\/deluxe-apartment\/attachment\/255646640\/\" class=\"wp-block-gutenbee-gallery-item-image\"\/><\/a><\/div><div class=\"wp-block-gutenbee-gallery-item\"><a class=\"wp-block-gutenbee-gallery-item-link\" href=\"https:\/\/aparthotel-gimi.com\/wp-content\/uploads\/2022\/03\/255646627.jpg\" data-lightbox=\"gal[57]\"><img decoding=\"async\" src=\"https:\/\/aparthotel-gimi.com\/wp-content\/uploads\/2022\/03\/255646627.jpg\" alt=\"\" data-id=\"214\" data-link=\"https:\/\/aparthotel-gimi.com\/accommodation\/deluxe-apartment\/attachment\/255646627\/\" class=\"wp-block-gutenbee-gallery-item-image\"\/><\/a><\/div><div class=\"wp-block-gutenbee-gallery-item\"><a class=\"wp-block-gutenbee-gallery-item-link\" href=\"https:\/\/aparthotel-gimi.com\/wp-content\/uploads\/2022\/02\/255647483.jpg\" data-lightbox=\"gal[57]\"><img decoding=\"async\" src=\"https:\/\/aparthotel-gimi.com\/wp-content\/uploads\/2022\/02\/255647483.jpg\" alt=\"\" data-id=\"198\" data-link=\"https:\/\/aparthotel-gimi.com\/accommodation\/one-bedroom-apartment\/attachment\/255647483\/\" class=\"wp-block-gutenbee-gallery-item-image\"\/><\/a><\/div><div class=\"wp-block-gutenbee-gallery-item\"><a class=\"wp-block-gutenbee-gallery-item-link\" href=\"https:\/\/aparthotel-gimi.com\/wp-content\/uploads\/2022\/02\/255647472.jpg\" data-lightbox=\"gal[57]\"><img decoding=\"async\" src=\"https:\/\/aparthotel-gimi.com\/wp-content\/uploads\/2022\/02\/255647472.jpg\" alt=\"\" data-id=\"196\" data-link=\"https:\/\/aparthotel-gimi.com\/accommodation\/one-bedroom-apartment\/attachment\/255647472\/\" class=\"wp-block-gutenbee-gallery-item-image\"\/><\/a><\/div><div class=\"wp-block-gutenbee-gallery-item\"><a class=\"wp-block-gutenbee-gallery-item-link\" href=\"https:\/\/aparthotel-gimi.com\/wp-content\/uploads\/2022\/02\/255647457.jpg\" data-lightbox=\"gal[57]\"><img decoding=\"async\" src=\"https:\/\/aparthotel-gimi.com\/wp-content\/uploads\/2022\/02\/255647457.jpg\" alt=\"\" data-id=\"194\" data-link=\"https:\/\/aparthotel-gimi.com\/accommodation\/one-bedroom-apartment\/attachment\/255647457\/\" class=\"wp-block-gutenbee-gallery-item-image\"\/><\/a><\/div><div class=\"wp-block-gutenbee-gallery-item\"><a class=\"wp-block-gutenbee-gallery-item-link\" href=\"https:\/\/aparthotel-gimi.com\/wp-content\/uploads\/2022\/02\/255647444.jpg\" data-lightbox=\"gal[57]\"><img decoding=\"async\" src=\"https:\/\/aparthotel-gimi.com\/wp-content\/uploads\/2022\/02\/255647444.jpg\" alt=\"\" data-id=\"189\" data-link=\"https:\/\/aparthotel-gimi.com\/accommodation\/one-bedroom-apartment\/attachment\/255647444\/\" class=\"wp-block-gutenbee-gallery-item-image\"\/><\/a><\/div><div class=\"wp-block-gutenbee-gallery-item\"><a class=\"wp-block-gutenbee-gallery-item-link\" href=\"https:\/\/aparthotel-gimi.com\/wp-content\/uploads\/2022\/02\/255647405.jpg\" data-lightbox=\"gal[57]\"><img decoding=\"async\" src=\"https:\/\/aparthotel-gimi.com\/wp-content\/uploads\/2022\/02\/255647405.jpg\" alt=\"\" data-id=\"184\" data-link=\"https:\/\/aparthotel-gimi.com\/accommodation\/one-bedroom-apartment\/attachment\/255647405\/\" class=\"wp-block-gutenbee-gallery-item-image\"\/><\/a><\/div><div class=\"wp-block-gutenbee-gallery-item\"><a class=\"wp-block-gutenbee-gallery-item-link\" href=\"https:\/\/aparthotel-gimi.com\/wp-content\/uploads\/2022\/03\/247140388.jpg\" data-lightbox=\"gal[57]\"><img decoding=\"async\" src=\"https:\/\/aparthotel-gimi.com\/wp-content\/uploads\/2022\/03\/247140388.jpg\" alt=\"\" data-id=\"166\" data-link=\"https:\/\/aparthotel-gimi.com\/home\/attachment\/247140388\/\" class=\"wp-block-gutenbee-gallery-item-image\"\/><\/a><\/div><div class=\"wp-block-gutenbee-gallery-item\"><a class=\"wp-block-gutenbee-gallery-item-link\" href=\"https:\/\/aparthotel-gimi.com\/wp-content\/uploads\/2022\/02\/255647351.jpg\" data-lightbox=\"gal[57]\"><img decoding=\"async\" src=\"https:\/\/aparthotel-gimi.com\/wp-content\/uploads\/2022\/02\/255647351.jpg\" alt=\"\" data-id=\"179\" data-link=\"https:\/\/aparthotel-gimi.com\/accommodation\/one-bedroom-apartment\/attachment\/255647351\/\" class=\"wp-block-gutenbee-gallery-item-image\"\/><\/a><\/div><div class=\"wp-block-gutenbee-gallery-item\"><a class=\"wp-block-gutenbee-gallery-item-link\" href=\"https:\/\/aparthotel-gimi.com\/wp-content\/uploads\/2022\/02\/255647427.jpg\" data-lightbox=\"gal[57]\"><img decoding=\"async\" src=\"https:\/\/aparthotel-gimi.com\/wp-content\/uploads\/2022\/02\/255647427.jpg\" alt=\"\" data-id=\"186\" data-link=\"https:\/\/aparthotel-gimi.com\/accommodation\/one-bedroom-apartment\/attachment\/255647427\/\" class=\"wp-block-gutenbee-gallery-item-image\"\/><\/a><\/div><div class=\"wp-block-gutenbee-gallery-item\"><a class=\"wp-block-gutenbee-gallery-item-link\" href=\"https:\/\/aparthotel-gimi.com\/wp-content\/uploads\/2022\/02\/255647372.jpg\" data-lightbox=\"gal[57]\"><img decoding=\"async\" src=\"https:\/\/aparthotel-gimi.com\/wp-content\/uploads\/2022\/02\/255647372.jpg\" alt=\"\" data-id=\"181\" data-link=\"https:\/\/aparthotel-gimi.com\/accommodation\/one-bedroom-apartment\/attachment\/255647372\/\" class=\"wp-block-gutenbee-gallery-item-image\"\/><\/a><\/div><div class=\"wp-block-gutenbee-gallery-item\"><a class=\"wp-block-gutenbee-gallery-item-link\" href=\"https:\/\/aparthotel-gimi.com\/wp-content\/uploads\/2022\/03\/Marijana-Sijan-IMG_8050-03-03-2022-07_41_18_188.jpg\" data-lightbox=\"gal[57]\"><img decoding=\"async\" src=\"https:\/\/aparthotel-gimi.com\/wp-content\/uploads\/2022\/03\/Marijana-Sijan-IMG_8050-03-03-2022-07_41_18_188.jpg\" alt=\"\" data-id=\"473\" data-link=\"https:\/\/aparthotel-gimi.com\/gallery\/marijana-sijan-img_8050-03-03-2022-07_41_18_188-2\/\" class=\"wp-block-gutenbee-gallery-item-image\"\/><\/a><\/div><div class=\"wp-block-gutenbee-gallery-item\"><a class=\"wp-block-gutenbee-gallery-item-link\" href=\"https:\/\/aparthotel-gimi.com\/wp-content\/uploads\/2022\/03\/Marijana-Sijan-IMG_8053-03-03-2022-07_41_17_582.jpg\" data-lightbox=\"gal[57]\"><img decoding=\"async\" src=\"https:\/\/aparthotel-gimi.com\/wp-content\/uploads\/2022\/03\/Marijana-Sijan-IMG_8053-03-03-2022-07_41_17_582.jpg\" alt=\"\" data-id=\"474\" data-link=\"https:\/\/aparthotel-gimi.com\/gallery\/marijana-sijan-img_8053-03-03-2022-07_41_17_582-2\/\" class=\"wp-block-gutenbee-gallery-item-image\"\/><\/a><\/div><div class=\"wp-block-gutenbee-gallery-item\"><a class=\"wp-block-gutenbee-gallery-item-link\" href=\"https:\/\/aparthotel-gimi.com\/wp-content\/uploads\/2022\/03\/Marijana-Sijan-IMG_8055-03-03-2022-07_41_17_206.jpg\" data-lightbox=\"gal[57]\"><img decoding=\"async\" src=\"https:\/\/aparthotel-gimi.com\/wp-content\/uploads\/2022\/03\/Marijana-Sijan-IMG_8055-03-03-2022-07_41_17_206.jpg\" alt=\"\" data-id=\"475\" data-link=\"https:\/\/aparthotel-gimi.com\/gallery\/marijana-sijan-img_8055-03-03-2022-07_41_17_206-2\/\" class=\"wp-block-gutenbee-gallery-item-image\"\/><\/a><\/div><div class=\"wp-block-gutenbee-gallery-item\"><a class=\"wp-block-gutenbee-gallery-item-link\" href=\"https:\/\/aparthotel-gimi.com\/wp-content\/uploads\/2022\/03\/Marijana-Sijan-IMG_8056-03-03-2022-07_41_16_497.jpg\" data-lightbox=\"gal[57]\"><img decoding=\"async\" src=\"https:\/\/aparthotel-gimi.com\/wp-content\/uploads\/2022\/03\/Marijana-Sijan-IMG_8056-03-03-2022-07_41_16_497.jpg\" alt=\"\" data-id=\"476\" data-link=\"https:\/\/aparthotel-gimi.com\/gallery\/marijana-sijan-img_8056-03-03-2022-07_41_16_497-2\/\" class=\"wp-block-gutenbee-gallery-item-image\"\/><\/a><\/div><div class=\"wp-block-gutenbee-gallery-item\"><a class=\"wp-block-gutenbee-gallery-item-link\" href=\"https:\/\/aparthotel-gimi.com\/wp-content\/uploads\/2022\/03\/Marijana-Sijan-IMG_8057-03-03-2022-07_41_16_376.jpg\" data-lightbox=\"gal[57]\"><img decoding=\"async\" src=\"https:\/\/aparthotel-gimi.com\/wp-content\/uploads\/2022\/03\/Marijana-Sijan-IMG_8057-03-03-2022-07_41_16_376.jpg\" alt=\"\" data-id=\"477\" data-link=\"https:\/\/aparthotel-gimi.com\/gallery\/marijana-sijan-img_8057-03-03-2022-07_41_16_376-2\/\" class=\"wp-block-gutenbee-gallery-item-image\"\/><\/a><\/div><div class=\"wp-block-gutenbee-gallery-item\"><a class=\"wp-block-gutenbee-gallery-item-link\" href=\"https:\/\/aparthotel-gimi.com\/wp-content\/uploads\/2022\/03\/Marijana-Sijan-IMG_8063-03-03-2022-07_41_14_689.jpg\" data-lightbox=\"gal[57]\"><img decoding=\"async\" src=\"https:\/\/aparthotel-gimi.com\/wp-content\/uploads\/2022\/03\/Marijana-Sijan-IMG_8063-03-03-2022-07_41_14_689.jpg\" alt=\"\" data-id=\"478\" data-link=\"https:\/\/aparthotel-gimi.com\/gallery\/marijana-sijan-img_8063-03-03-2022-07_41_14_689-2\/\" class=\"wp-block-gutenbee-gallery-item-image\"\/><\/a><\/div><div class=\"wp-block-gutenbee-gallery-item\"><a class=\"wp-block-gutenbee-gallery-item-link\" href=\"https:\/\/aparthotel-gimi.com\/wp-content\/uploads\/2022\/03\/Marijana-Sijan-IMG_8066-03-03-2022-07_41_13_541.jpg\" data-lightbox=\"gal[57]\"><img decoding=\"async\" src=\"https:\/\/aparthotel-gimi.com\/wp-content\/uploads\/2022\/03\/Marijana-Sijan-IMG_8066-03-03-2022-07_41_13_541.jpg\" alt=\"\" data-id=\"479\" data-link=\"https:\/\/aparthotel-gimi.com\/gallery\/marijana-sijan-img_8066-03-03-2022-07_41_13_541-3\/\" class=\"wp-block-gutenbee-gallery-item-image\"\/><\/a><\/div><div class=\"wp-block-gutenbee-gallery-item\"><a class=\"wp-block-gutenbee-gallery-item-link\" href=\"https:\/\/aparthotel-gimi.com\/wp-content\/uploads\/2022\/03\/Marijana-Sijan-IMG_8067-03-03-2022-07_41_13_385.jpg\" data-lightbox=\"gal[57]\"><img decoding=\"async\" src=\"https:\/\/aparthotel-gimi.com\/wp-content\/uploads\/2022\/03\/Marijana-Sijan-IMG_8067-03-03-2022-07_41_13_385.jpg\" alt=\"\" data-id=\"480\" data-link=\"https:\/\/aparthotel-gimi.com\/gallery\/marijana-sijan-img_8067-03-03-2022-07_41_13_385-2\/\" class=\"wp-block-gutenbee-gallery-item-image\"\/><\/a><\/div><div class=\"wp-block-gutenbee-gallery-item\"><a class=\"wp-block-gutenbee-gallery-item-link\" href=\"https:\/\/aparthotel-gimi.com\/wp-content\/uploads\/2022\/03\/Marijana-Sijan-IMG_8070-03-03-2022-07_41_12_938.jpg\" data-lightbox=\"gal[57]\"><img decoding=\"async\" src=\"https:\/\/aparthotel-gimi.com\/wp-content\/uploads\/2022\/03\/Marijana-Sijan-IMG_8070-03-03-2022-07_41_12_938.jpg\" alt=\"\" data-id=\"481\" data-link=\"https:\/\/aparthotel-gimi.com\/gallery\/marijana-sijan-img_8070-03-03-2022-07_41_12_938-2\/\" class=\"wp-block-gutenbee-gallery-item-image\"\/><\/a><\/div><div class=\"wp-block-gutenbee-gallery-item\"><a class=\"wp-block-gutenbee-gallery-item-link\" href=\"https:\/\/aparthotel-gimi.com\/wp-content\/uploads\/2022\/03\/Marijana-Sijan-IMG_8071-03-03-2022-07_41_12_934.jpg\" data-lightbox=\"gal[57]\"><img decoding=\"async\" src=\"https:\/\/aparthotel-gimi.com\/wp-content\/uploads\/2022\/03\/Marijana-Sijan-IMG_8071-03-03-2022-07_41_12_934.jpg\" alt=\"\" data-id=\"482\" data-link=\"https:\/\/aparthotel-gimi.com\/gallery\/marijana-sijan-img_8071-03-03-2022-07_41_12_934-2\/\" class=\"wp-block-gutenbee-gallery-item-image\"\/><\/a><\/div><div class=\"wp-block-gutenbee-gallery-item\"><a class=\"wp-block-gutenbee-gallery-item-link\" href=\"https:\/\/aparthotel-gimi.com\/wp-content\/uploads\/2022\/03\/Marijana-Sijan-IMG_8074-03-03-2022-07_41_11_960.jpg\" data-lightbox=\"gal[57]\"><img decoding=\"async\" src=\"https:\/\/aparthotel-gimi.com\/wp-content\/uploads\/2022\/03\/Marijana-Sijan-IMG_8074-03-03-2022-07_41_11_960.jpg\" alt=\"\" data-id=\"483\" data-link=\"https:\/\/aparthotel-gimi.com\/gallery\/marijana-sijan-img_8074-03-03-2022-07_41_11_960-2\/\" class=\"wp-block-gutenbee-gallery-item-image\"\/><\/a><\/div><div class=\"wp-block-gutenbee-gallery-item\"><a class=\"wp-block-gutenbee-gallery-item-link\" href=\"https:\/\/aparthotel-gimi.com\/wp-content\/uploads\/2022\/03\/Marijana-Sijan-IMG_8079-03-03-2022-07_41_05_904.jpg\" data-lightbox=\"gal[57]\"><img decoding=\"async\" src=\"https:\/\/aparthotel-gimi.com\/wp-content\/uploads\/2022\/03\/Marijana-Sijan-IMG_8079-03-03-2022-07_41_05_904.jpg\" alt=\"\" data-id=\"484\" data-link=\"https:\/\/aparthotel-gimi.com\/gallery\/marijana-sijan-img_8079-03-03-2022-07_41_05_904-2\/\" class=\"wp-block-gutenbee-gallery-item-image\"\/><\/a><\/div><div class=\"wp-block-gutenbee-gallery-item\"><a class=\"wp-block-gutenbee-gallery-item-link\" href=\"https:\/\/aparthotel-gimi.com\/wp-content\/uploads\/2022\/03\/Marijana-Sijan-IMG_8080-03-03-2022-07_41_05_885.jpg\" data-lightbox=\"gal[57]\"><img decoding=\"async\" src=\"https:\/\/aparthotel-gimi.com\/wp-content\/uploads\/2022\/03\/Marijana-Sijan-IMG_8080-03-03-2022-07_41_05_885.jpg\" alt=\"\" data-id=\"485\" data-link=\"https:\/\/aparthotel-gimi.com\/gallery\/marijana-sijan-img_8080-03-03-2022-07_41_05_885-2\/\" class=\"wp-block-gutenbee-gallery-item-image\"\/><\/a><\/div><div class=\"wp-block-gutenbee-gallery-item\"><a class=\"wp-block-gutenbee-gallery-item-link\" href=\"https:\/\/aparthotel-gimi.com\/wp-content\/uploads\/2022\/03\/Marijana-Sijan-IMG_8092-Edit-03-03-2022-07_41_05_904.jpg\" data-lightbox=\"gal[57]\"><img decoding=\"async\" src=\"https:\/\/aparthotel-gimi.com\/wp-content\/uploads\/2022\/03\/Marijana-Sijan-IMG_8092-Edit-03-03-2022-07_41_05_904.jpg\" alt=\"\" data-id=\"486\" data-link=\"https:\/\/aparthotel-gimi.com\/gallery\/marijana-sijan-img_8092-edit-03-03-2022-07_41_05_904-3\/\" class=\"wp-block-gutenbee-gallery-item-image\"\/><\/a><\/div><div class=\"wp-block-gutenbee-gallery-item\"><a class=\"wp-block-gutenbee-gallery-item-link\" href=\"https:\/\/aparthotel-gimi.com\/wp-content\/uploads\/2022\/03\/Marijana-Sijan-IMG_8096-03-03-2022-07_41_05_857.jpg\" data-lightbox=\"gal[57]\"><img decoding=\"async\" src=\"https:\/\/aparthotel-gimi.com\/wp-content\/uploads\/2022\/03\/Marijana-Sijan-IMG_8096-03-03-2022-07_41_05_857.jpg\" alt=\"\" data-id=\"487\" data-link=\"https:\/\/aparthotel-gimi.com\/gallery\/marijana-sijan-img_8096-03-03-2022-07_41_05_857-2\/\" class=\"wp-block-gutenbee-gallery-item-image\"\/><\/a><\/div><div class=\"wp-block-gutenbee-gallery-item\"><a class=\"wp-block-gutenbee-gallery-item-link\" href=\"https:\/\/aparthotel-gimi.com\/wp-content\/uploads\/2022\/03\/Marijana-Sijan-IMG_8103-03-03-2022-07_41_05_904.jpg\" data-lightbox=\"gal[57]\"><img decoding=\"async\" src=\"https:\/\/aparthotel-gimi.com\/wp-content\/uploads\/2022\/03\/Marijana-Sijan-IMG_8103-03-03-2022-07_41_05_904.jpg\" alt=\"\" data-id=\"488\" data-link=\"https:\/\/aparthotel-gimi.com\/gallery\/marijana-sijan-img_8103-03-03-2022-07_41_05_904-2\/\" class=\"wp-block-gutenbee-gallery-item-image\"\/><\/a><\/div><\/div><\/div>\n","protected":false},"excerpt":{"rendered":"<p>Evo \u0161to mo\u017eete o\u010dekivati<\/p>","protected":false},"author":1,"featured_media":0,"parent":0,"menu_order":0,"comment_status":"closed","ping_status":"closed","template":"templates\/template-fullwidth-boxed.php","meta":{"footnotes":""},"class_list":["post-57","page","type-page","status-publish","hentry"],"_links":{"self":[{"href":"https:\/\/aparthotel-gimi.com\/hr\/wp-json\/wp\/v2\/pages\/57","targetHints":{"allow":["GET"]}}],"collection":[{"href":"https:\/\/aparthotel-gimi.com\/hr\/wp-json\/wp\/v2\/pages"}],"about":[{"href":"https:\/\/aparthotel-gimi.com\/hr\/wp-json\/wp\/v2\/types\/page"}],"author":[{"embeddable":true,"href":"https:\/\/aparthotel-gimi.com\/hr\/wp-json\/wp\/v2\/users\/1"}],"replies":[{"embeddable":true,"href":"https:\/\/aparthotel-gimi.com\/hr\/wp-json\/wp\/v2\/comments?post=57"}],"version-history":[{"count":4,"href":"https:\/\/aparthotel-gimi.com\/hr\/wp-json\/wp\/v2\/pages\/57\/revisions"}],"predecessor-version":[{"id":489,"href":"https:\/\/aparthotel-gimi.com\/hr\/wp-json\/wp\/v2\/pages\/57\/revisions\/489"}],"wp:attachment":[{"href":"https:\/\/aparthotel-gimi.com\/hr\/wp-json\/wp\/v2\/media?parent=57"}],"curies":[{"name":"wp","href":"https:\/\/api.w.org\/{rel}","templated":true}]}}