{"id":55,"date":"2022-02-14T15:07:49","date_gmt":"2022-02-14T15:07:49","guid":{"rendered":"https:\/\/www.cssigniter.com\/demos\/santorini-resort\/?page_id=55"},"modified":"2022-03-11T08:54:14","modified_gmt":"2022-03-11T08:54:14","slug":"restaurant-2","status":"publish","type":"page","link":"https:\/\/aparthotel-gimi.com\/hr\/restaurant-2\/","title":{"rendered":"restoran"},"content":{"rendered":"<div id=\"block-413513-1633-49\" class=\"wp-block-gutenbee-container alignfull block-413513-1633-49 theme-grid has-background-image has-background-video has-background-overlay\"><style>.wp-block-gutenbee-container.block-413513-1633-49 { height: 800px; margin-bottom: 60px; align-items: center; justify-content: center; }\n.wp-block-gutenbee-container.block-413513-1633-49 > .wp-block-gutenbee-container-background { background-image: url(https:\/\/aparthotel-gimi.com\/wp-content\/uploads\/2022\/02\/santorini_restaurant.jpg); background-repeat: no-repeat; background-size: cover; background-position: top center; background-attachment: scroll; }<\/style><div class=\"wp-block-gutenbee-container-inner\"><div class=\"wp-block-gutenbee-container-row wp-block-gutenbee-container-lg\">\n<div class=\"wp-block-gutenbee-column block-aca1e4-d060-45\"><style>.wp-block-gutenbee-column.block-aca1e4-d060-45 { flex-basis: 15%; }\n\n\n      @media (max-width: 991px) {\n        .wp-block-gutenbee-column.block-aca1e4-d060-45 { flex-basis: 100%; }\n      }\n    \n\n      @media (max-width: 575px) {\n        .wp-block-gutenbee-column.block-aca1e4-d060-45 { flex-basis: 100%; }\n      }<\/style><div class=\"wp-block-gutenbee-column-content\"><\/div><\/div>\n\n\n\n<div class=\"wp-block-gutenbee-column block-5c9dc9-a414-44\"><style>.wp-block-gutenbee-column.block-5c9dc9-a414-44 { flex-basis: 70%; }\n\n\n      @media (max-width: 991px) {\n        .wp-block-gutenbee-column.block-5c9dc9-a414-44 { flex-basis: 100%; }\n      }\n    \n\n      @media (max-width: 575px) {\n        .wp-block-gutenbee-column.block-5c9dc9-a414-44 { flex-basis: 100%; }\n      }<\/style><div class=\"wp-block-gutenbee-column-content\">\n<h1 id=\"block-007786-d2ea-46\" class=\"wp-block-gutenbee-heading block-007786-d2ea-46 has-text-color is-style-ignition-zermatt-heading-heavy\" style=\"color:#ffffff\">U\u017eivajte u jelu i pi\u0107u.<\/h1><style>.wp-block-gutenbee-heading.block-007786-d2ea-46 { margin-bottom: 0px; font-size: 64px; text-align: center; }\n\n\n      @media (max-width: 991px) {\n        .wp-block-gutenbee-heading.block-007786-d2ea-46 { font-size: 48px; }\n      }<\/style>\n\n\n\n<p id=\"block-d17c05-c098-44\" class=\"wp-block-gutenbee-paragraph block-d17c05-c098-44 has-text-color has-theme-white-color\">Bilo da odsjedate u jednom od na\u0161ih apartmana ili samo dolazite na ru\u010dak ili ve\u010deru, imamo raznolik meni koji \u0107e zadovoljiti svaki apetit. Od tjestenine preko jela od morskih plodova do doma\u0107e napravljenih deserta  \u2013 imamo sve.<\/p><style>.wp-block-gutenbee-paragraph.block-d17c05-c098-44 { padding-right: 100px;  padding-left: 100px; text-align: center; }\n\n\n      @media (max-width: 991px) {\n        .wp-block-gutenbee-paragraph.block-d17c05-c098-44 { padding-right: 30px;  padding-left: 30px; }\n      }<\/style>\n\n\n<style>.wp-block-kadence-advancedbtn.kb-btns_6fb3fc-2c{gap:var(--global-kb-gap-xs, 0.5rem );justify-content:center;align-items:center;}.kt-btns_6fb3fc-2c .kt-button{font-weight:normal;font-style:normal;}.kt-btns_6fb3fc-2c .kt-btn-wrap-0{margin-right:5px;}.wp-block-kadence-advancedbtn.kt-btns_6fb3fc-2c .kt-btn-wrap-0 .kt-button{width:330px;}.wp-block-kadence-advancedbtn.kt-btns_6fb3fc-2c .kt-btn-wrap-0 .kt-button::before{display:none;}.kt-btns_6fb3fc-2c .kt-btn-wrap-1{margin-right:5px;}.wp-block-kadence-advancedbtn.kt-btns_6fb3fc-2c .kt-btn-wrap-1 .kt-button{width:330px;}.wp-block-kadence-advancedbtn.kt-btns_6fb3fc-2c .kt-btn-wrap-1 .kt-button::before{display:none;}<\/style>\n<div class=\"wp-block-kadence-advancedbtn kt-btn-align-center kt-btn-tablet-align-inherit kt-btn-mobile-align-inherit kt-btns-wrap kt-btns_6fb3fc-2c\"><div class=\"kt-btn-wrap kt-btn-wrap-0\"><a class=\"kt-button button kt-btn-0-action kt-btn-size-large kt-btn-style-basic kt-btn-svg-show-always kt-btn-has-text-true kt-btn-has-svg-false kb-btn-global-inherit wp-block-button__link\" href=\"https:\/\/aparthotel-gimi.com\/webmenu\/#p=15\" target=\"_blank\" rel=\"noreferrer noopener\"><span class=\"kt-btn-inner-text\">Provjerite na\u0161 meni<\/span><\/a><\/div><\/div>\n<\/div><\/div>\n\n\n\n<div class=\"wp-block-gutenbee-column block-5916ab-6b30-42\"><style>.wp-block-gutenbee-column.block-5916ab-6b30-42 { flex-basis: 15%; }\n\n\n      @media (max-width: 991px) {\n        .wp-block-gutenbee-column.block-5916ab-6b30-42 { flex-basis: 100%; }\n      }\n    \n\n      @media (max-width: 575px) {\n        .wp-block-gutenbee-column.block-5916ab-6b30-42 { flex-basis: 100%; }\n      }<\/style><div class=\"wp-block-gutenbee-column-content\"><\/div><\/div>\n<\/div><div class=\"wp-block-gutenbee-container-background-overlay\" style=\"background-color:rgba(0, 0, 0, 0.55)\"><\/div><\/div><div class=\"wp-block-gutenbee-container-background\" data-parallax-speed=\"0.3\"><div class=\"wp-block-gutenbee-video-bg-wrapper\" data-video-id=\"lNj3WcG4Cww\" data-video-type=\"youtube\"><div id=\"video-block-413513-1633-49\" class=\"wp-block-gutenbee-video-bg\"><\/div><\/div><\/div><div style=\"background-color:rgba(0, 0, 0, 0.55)\" class=\"gutenbee-block-spinner\"><\/div><\/div>","protected":false},"excerpt":{"rendered":"<p>An eclectic menu to satisfy any appetite.<\/p>","protected":false},"author":1,"featured_media":0,"parent":0,"menu_order":0,"comment_status":"closed","ping_status":"closed","template":"templates\/template-fullwidth-boxed.php","meta":{"footnotes":""},"class_list":["post-55","page","type-page","status-publish","hentry"],"_links":{"self":[{"href":"https:\/\/aparthotel-gimi.com\/hr\/wp-json\/wp\/v2\/pages\/55","targetHints":{"allow":["GET"]}}],"collection":[{"href":"https:\/\/aparthotel-gimi.com\/hr\/wp-json\/wp\/v2\/pages"}],"about":[{"href":"https:\/\/aparthotel-gimi.com\/hr\/wp-json\/wp\/v2\/types\/page"}],"author":[{"embeddable":true,"href":"https:\/\/aparthotel-gimi.com\/hr\/wp-json\/wp\/v2\/users\/1"}],"replies":[{"embeddable":true,"href":"https:\/\/aparthotel-gimi.com\/hr\/wp-json\/wp\/v2\/comments?post=55"}],"version-history":[{"count":5,"href":"https:\/\/aparthotel-gimi.com\/hr\/wp-json\/wp\/v2\/pages\/55\/revisions"}],"predecessor-version":[{"id":463,"href":"https:\/\/aparthotel-gimi.com\/hr\/wp-json\/wp\/v2\/pages\/55\/revisions\/463"}],"wp:attachment":[{"href":"https:\/\/aparthotel-gimi.com\/hr\/wp-json\/wp\/v2\/media?parent=55"}],"curies":[{"name":"wp","href":"https:\/\/api.w.org\/{rel}","templated":true}]}}