{"id":45,"date":"2022-02-14T12:39:55","date_gmt":"2022-02-14T12:39:55","guid":{"rendered":"https:\/\/www.cssigniter.com\/demos\/santorini-resort\/?page_id=45"},"modified":"2022-03-10T13:55:57","modified_gmt":"2022-03-10T13:55:57","slug":"services","status":"publish","type":"page","link":"https:\/\/aparthotel-gimi.com\/hr\/services\/","title":{"rendered":"Sadr\u017eaji"},"content":{"rendered":"<div id=\"block-29973c-d22c-47\" class=\"wp-block-gutenbee-container block-29973c-d22c-47\"><div class=\"wp-block-gutenbee-container-inner\"><div class=\"wp-block-gutenbee-container-row wp-block-gutenbee-container-lg\">\n<div class=\"wp-block-gutenbee-column block-eecc00-9096-41\"><style>@media (max-width: 991px) {\n        .wp-block-gutenbee-column.block-eecc00-9096-41 { flex-basis: 100%; }\n      }\n    \n\n      @media (max-width: 575px) {\n        .wp-block-gutenbee-column.block-eecc00-9096-41 { flex-basis: 100%; }\n      }<\/style><div class=\"wp-block-gutenbee-column-content\">\n<p>Na isto\u010dnoj obali istarskog poluotoka, u Kvarnerskom zaljevu, nedaleko povijesnih gradova Lovrana i Opatije smjestila se Mo\u0161\u0107eni\u010dka Draga,<br>mjesto koji spaja prekrasne pla\u017ee i udoban smje\u0161taj za nezaboravan odmor.<\/p>\n\n\n\n<p>Nastala je u 19. stolje\u0107u kada su se stanovnici grada Mo\u0161\u0107enica i okolnih mjesta doselili na obalu, uglavnom zbog ulova ribe.<br>Ovo mjesto razvilo se kao ribarska lu\u010dica grada Mo\u0161\u0107enica. Od malog ribarskog mjesta prerasla je u pravi \u201ebiser\u201c Opatijske rivijere.<br>Dana\u0161nje gospodarstvo bazira se uglavnom na turizmu i ugostiteljstvu,  ne\u0161to manje na ribarstvu.<\/p>\n\n\n\n<p>Podru\u010dje Mo\u0161\u0107eni\u010dke Drage ponosi se brojnim kulturno-povijesnim znamenitostima - stari grad Mo\u0161\u0107enice,<br>stari grad Brse\u010d, brojne crkve, atelijeri, stare vile, trgovi i uli\u010dice, glagolja\u0161ka ba\u0161tina i drugi vrijedni spomenici<br>koji predstavljaju tragove duge i \u0161arolike povijesti na ovom podru\u010dju.<\/p>\n<\/div><\/div>\n<\/div><\/div><div class=\"wp-block-gutenbee-container-background\" data-parallax-speed=\"0.3\"><\/div><\/div>\n\n\n\n<h2 id=\"block-d12702-63\" class=\"wp-block-gutenbee-heading block-d12702-63\">Sadr\u017eaji u blizini <\/h2>\n\n\n<style>#kt-layout-id_e3a2d5-60 > .kt-row-column-wrap{align-content:start;}:where(#kt-layout-id_e3a2d5-60 > .kt-row-column-wrap) > .wp-block-kadence-column{justify-content:start;}#kt-layout-id_e3a2d5-60 > .kt-row-column-wrap{column-gap:var(--global-kb-gap-md, 2rem);row-gap:var(--global-kb-gap-md, 2rem);padding-top:var( --global-kb-row-default-top, 25px );padding-bottom:var( --global-kb-row-default-bottom, 25px );padding-top:var(--global-kb-spacing-sm, 1.5rem);padding-bottom:var(--global-kb-spacing-sm, 1.5rem);}#kt-layout-id_e3a2d5-60 > .kt-row-column-wrap > div:not(.added-for-specificity){grid-column:initial;}#kt-layout-id_e3a2d5-60 > .kt-row-column-wrap{grid-template-columns:repeat(3, minmax(0, 1fr));}#kt-layout-id_e3a2d5-60 > .kt-row-layout-overlay{opacity:0.30;}@media all and (max-width: 1024px){#kt-layout-id_e3a2d5-60 > .kt-row-column-wrap > div:not(.added-for-specificity){grid-column:initial;}}@media all and (max-width: 1024px){#kt-layout-id_e3a2d5-60 > .kt-row-column-wrap{grid-template-columns:repeat(3, minmax(0, 1fr));}}@media all and (max-width: 767px){#kt-layout-id_e3a2d5-60 > .kt-row-column-wrap > div:not(.added-for-specificity){grid-column:initial;}#kt-layout-id_e3a2d5-60 > .kt-row-column-wrap{grid-template-columns:minmax(0, 1fr);}}<\/style>\n<div class=\"wp-block-kadence-rowlayout alignnone\"><div id=\"kt-layout-id_e3a2d5-60\" class=\"kt-row-layout-inner kt-layout-id_e3a2d5-60\"><div class=\"kt-row-column-wrap kt-has-3-columns kt-gutter-default kt-v-gutter-default kt-row-valign-top kt-row-layout-equal kt-tab-layout-inherit kt-m-colapse-left-to-right kt-mobile-layout-row\"><style>.kadence-column_dbc171-2a > .kt-inside-inner-col{border-top-width:0px;border-right-width:0px;border-bottom-width:0px;border-left-width:0px;}.kadence-column_dbc171-2a > .kt-inside-inner-col,.kadence-column_dbc171-2a > .kt-inside-inner-col:before{border-top-left-radius:0px;border-top-right-radius:0px;border-bottom-right-radius:0px;border-bottom-left-radius:0px;}.kadence-column_dbc171-2a > .kt-inside-inner-col{column-gap:var(--global-kb-gap-sm, 1rem);}.kadence-column_dbc171-2a > .kt-inside-inner-col{flex-direction:column;}.kadence-column_dbc171-2a > .kt-inside-inner-col > .aligncenter{width:100%;}.kadence-column_dbc171-2a > .kt-inside-inner-col:before{opacity:0.3;}.kadence-column_dbc171-2a{position:relative;}@media all and (max-width: 1024px){.kadence-column_dbc171-2a > .kt-inside-inner-col{flex-direction:column;justify-content:center;}}@media all and (max-width: 767px){.kadence-column_dbc171-2a > .kt-inside-inner-col{flex-direction:column;justify-content:center;}}<\/style>\n<div class=\"wp-block-kadence-column inner-column-1 kadence-column_dbc171-2a\"><div class=\"kt-inside-inner-col\">\n<p><strong>\u0160to je u blizini<\/strong><\/p>\n\n\n\n<ul class=\"wp-block-list\"><li>Stari grad Lovrana 6,4 km<\/li><li>\u0160etali\u0161te Lovran Lungomare 6,5 km<\/li><li>Crkva Marijina Navje\u0161tenja\n11,2 km<\/li><li>Autobusni kolodvor Opatija\n11,4 km<\/li><li>Hrvatska ulica slavnih\n11,5 km<\/li><li>Kupali\u0161te Slatina\n11,5 km<\/li><li>Djevojka s galebom\n11,5 km<\/li><li>Umjetni\u010dki paviljon Juraj \u0160porer\n11,6 km<\/li><li>Crkva sv. Jakova u Opatiji\n11,6 km<\/li><li>Kupali\u0161te Lido u Opatiji\n11,8 km<\/li><\/ul>\n<\/div><\/div>\n\n\n<style>.kadence-column_167de3-47 > .kt-inside-inner-col{border-top-width:0px;border-right-width:0px;border-bottom-width:0px;border-left-width:0px;}.kadence-column_167de3-47 > .kt-inside-inner-col,.kadence-column_167de3-47 > .kt-inside-inner-col:before{border-top-left-radius:0px;border-top-right-radius:0px;border-bottom-right-radius:0px;border-bottom-left-radius:0px;}.kadence-column_167de3-47 > .kt-inside-inner-col{column-gap:var(--global-kb-gap-sm, 1rem);}.kadence-column_167de3-47 > .kt-inside-inner-col{flex-direction:column;}.kadence-column_167de3-47 > .kt-inside-inner-col > .aligncenter{width:100%;}.kadence-column_167de3-47 > .kt-inside-inner-col:before{opacity:0.3;}.kadence-column_167de3-47{position:relative;}@media all and (max-width: 1024px){.kadence-column_167de3-47 > .kt-inside-inner-col{flex-direction:column;justify-content:center;}}@media all and (max-width: 767px){.kadence-column_167de3-47 > .kt-inside-inner-col{flex-direction:column;justify-content:center;}}<\/style>\n<div class=\"wp-block-kadence-column inner-column-2 kadence-column_167de3-47\"><div class=\"kt-inside-inner-col\">\n<p><strong>Restorani i kafi\u0107i<\/strong><\/p>\n\n\n\n<ul class=\"wp-block-list\"><li>Restoran  Gimi Restaurant\n0 km<\/li><li>Kafi\u0107  Gimi Restaurant\n0 km<\/li><\/ul>\n\n\n\n<p><strong>Najpopularnije atrakcije<\/strong><\/p>\n\n\n\n<ul class=\"wp-block-list\"><li>Zapadni Trgova\u010dki Centar Rijeka\n16,6 km<\/li><li>Stadion HNK Rijeka Rujevica\n17 km<\/li><li>Hrvatsko narodno kazali\u0161te Ivana pl. Zajca\n17,8 km<\/li><li>Pomorski i povijesni muzej Hrvatskog primorja\n18 km<\/li><li>Trsatska gradina\n19 km<\/li><li>Tower Center Rijeka\n19,1 km<\/li><\/ul>\n\n\n\n<p><strong>Prirodne ljepote<\/strong><\/p>\n\n\n\n<ul class=\"wp-block-list\"><li>Planina  U\u010dka\n20 km<\/li><\/ul>\n<\/div><\/div>\n\n\n<style>.kadence-column_dcb219-e2 > .kt-inside-inner-col{border-top-width:0px;border-right-width:0px;border-bottom-width:0px;border-left-width:0px;}.kadence-column_dcb219-e2 > .kt-inside-inner-col,.kadence-column_dcb219-e2 > .kt-inside-inner-col:before{border-top-left-radius:0px;border-top-right-radius:0px;border-bottom-right-radius:0px;border-bottom-left-radius:0px;}.kadence-column_dcb219-e2 > .kt-inside-inner-col{column-gap:var(--global-kb-gap-sm, 1rem);}.kadence-column_dcb219-e2 > .kt-inside-inner-col{flex-direction:column;}.kadence-column_dcb219-e2 > .kt-inside-inner-col > .aligncenter{width:100%;}.kadence-column_dcb219-e2 > .kt-inside-inner-col:before{opacity:0.3;}.kadence-column_dcb219-e2{position:relative;}@media all and (max-width: 1024px){.kadence-column_dcb219-e2 > .kt-inside-inner-col{flex-direction:column;justify-content:center;}}@media all and (max-width: 767px){.kadence-column_dcb219-e2 > .kt-inside-inner-col{flex-direction:column;justify-content:center;}}<\/style>\n<div class=\"wp-block-kadence-column inner-column-3 kadence-column_dcb219-e2\"><div class=\"kt-inside-inner-col\">\n<p><strong>Pla\u017ee u okolici<\/strong><\/p>\n\n\n\n<ul class=\"wp-block-list\"><li>Beach Sipar\n0 m<\/li><li>Sv. Ivan Beach\n650 m<\/li><li>IRIS Beach\n1,7 km<\/li><li>Uboka Beach\n2,6 km<\/li><li>Jelen\u0161\u010dica Beach\n2,8 km<\/li><\/ul>\n\n\n\n<p><strong>&nbsp;Najbli\u017ee zra\u010dne luke<\/strong><\/p>\n\n\n\n<ul class=\"wp-block-list\"><li>Zra\u010dna luka Rijeka\n24,6 km<\/li><li>Zra\u010dna luka Pula\n45,6 km<\/li><li>Zra\u010dna luka Lo\u0161inj\n75,4 km<\/li><\/ul>\n\n\n\n<p>Upute za dolazak od objekta 'Aparthotel Gimi' do 'Zra\u010dna luka Rijeka'<\/p>\n\n\n\n<ul class=\"wp-block-list\"><li>Taxi<\/li><\/ul>\n<\/div><\/div>\n<\/div><\/div><\/div>\n\n\n\n<div id=\"block-77bd9c-40e2-4a\" class=\"wp-block-gutenbee-divider block-77bd9c-40e2-4a align-center\" style=\"height:10px\"><div class=\"wp-block-gutenbee-divider-inner\" style=\"border-top-style:dashed;border-top-width:1px;border-top-color:#d9d9d9;width:100%\"><\/div><\/div>\n\n\n\n<h2 id=\"block-54379f-5787-48\" class=\"wp-block-gutenbee-heading block-54379f-5787-48\"><strong>Sadr\u017eaji u smje\u0161tajnom objektu Aparthotel Gimi<\/strong><\/h2>\n\n\n<style>#kt-layout-id_a2b000-fe > .kt-row-column-wrap{align-content:start;}:where(#kt-layout-id_a2b000-fe > .kt-row-column-wrap) > .wp-block-kadence-column{justify-content:start;}#kt-layout-id_a2b000-fe > .kt-row-column-wrap{column-gap:var(--global-kb-gap-md, 2rem);row-gap:var(--global-kb-gap-md, 2rem);padding-top:var( --global-kb-row-default-top, 25px );padding-bottom:var( --global-kb-row-default-bottom, 25px );padding-top:var(--global-kb-spacing-sm, 1.5rem);padding-bottom:var(--global-kb-spacing-sm, 1.5rem);}#kt-layout-id_a2b000-fe > .kt-row-column-wrap > div:not(.added-for-specificity){grid-column:initial;}#kt-layout-id_a2b000-fe > .kt-row-column-wrap{grid-template-columns:repeat(3, minmax(0, 1fr));}#kt-layout-id_a2b000-fe > .kt-row-layout-overlay{opacity:0.30;}@media all and (max-width: 1024px){#kt-layout-id_a2b000-fe > .kt-row-column-wrap > div:not(.added-for-specificity){grid-column:initial;}}@media all and (max-width: 1024px){#kt-layout-id_a2b000-fe > .kt-row-column-wrap{grid-template-columns:repeat(3, minmax(0, 1fr));}}@media all and (max-width: 767px){#kt-layout-id_a2b000-fe > .kt-row-column-wrap > div:not(.added-for-specificity){grid-column:initial;}#kt-layout-id_a2b000-fe > .kt-row-column-wrap{grid-template-columns:minmax(0, 1fr);}}<\/style>\n<div class=\"wp-block-kadence-rowlayout alignnone\"><div id=\"kt-layout-id_a2b000-fe\" class=\"kt-row-layout-inner kt-layout-id_a2b000-fe\"><div class=\"kt-row-column-wrap kt-has-3-columns kt-gutter-default kt-v-gutter-default kt-row-valign-top kt-row-layout-equal kt-tab-layout-inherit kt-m-colapse-left-to-right kt-mobile-layout-row\"><style>.kadence-column_a6c5ff-a5 > .kt-inside-inner-col{border-top-width:0px;border-right-width:0px;border-bottom-width:0px;border-left-width:0px;}.kadence-column_a6c5ff-a5 > .kt-inside-inner-col,.kadence-column_a6c5ff-a5 > .kt-inside-inner-col:before{border-top-left-radius:0px;border-top-right-radius:0px;border-bottom-right-radius:0px;border-bottom-left-radius:0px;}.kadence-column_a6c5ff-a5 > .kt-inside-inner-col{column-gap:var(--global-kb-gap-sm, 1rem);}.kadence-column_a6c5ff-a5 > .kt-inside-inner-col{flex-direction:column;}.kadence-column_a6c5ff-a5 > .kt-inside-inner-col > .aligncenter{width:100%;}.kadence-column_a6c5ff-a5 > .kt-inside-inner-col{background-color:#ffffff;}.kadence-column_a6c5ff-a5 > .kt-inside-inner-col:before{opacity:0.3;}.kadence-column_a6c5ff-a5{position:relative;}@media all and (max-width: 1024px){.kadence-column_a6c5ff-a5 > .kt-inside-inner-col{flex-direction:column;justify-content:center;}}@media all and (max-width: 767px){.kadence-column_a6c5ff-a5 > .kt-inside-inner-col{flex-direction:column;justify-content:center;}}<\/style>\n<div class=\"wp-block-kadence-column inner-column-1 kadence-column_a6c5ff-a5\"><div class=\"kt-inside-inner-col\">\n<p><strong>Kupaonica<\/strong><\/p>\n\n\n\n<ul class=\"wp-block-list\"><li>vlastita kupaonica<\/li><\/ul>\n\n\n\n<p><strong>Dvori\u0161te<\/strong><\/p>\n\n\n\n<p>Opustite se i u\u017eivajte<\/p>\n\n\n\n<ul class=\"wp-block-list\"><li>vrtni namje\u0161taj<\/li><li>terasa za sun\u010danje<\/li><li>terasa<\/li><li>vrt<\/li><\/ul>\n\n\n\n<p><strong>kuhinja<\/strong><\/p>\n\n\n\n<p>Jedite kad god vam odgovara<\/p>\n\n\n\n<ul class=\"wp-block-list\"><li>kuhinja<\/li><\/ul>\n\n\n\n<p><strong>Sadr\u017eaji sobe<\/strong><\/p>\n\n\n\n<p>Dodatna udobnost<\/p>\n\n\n\n<p><strong>Aktivnosti<\/strong><\/p>\n\n\n\n<ul class=\"wp-block-list\"><li>Pla\u017ea<\/li><\/ul>\n\n\n\n<p><strong>Mediji i tehnologija<\/strong><\/p>\n\n\n\n<p>Zabava pod istim krovom<\/p>\n\n\n\n<ul class=\"wp-block-list\"><li>TV ravnog ekrana<\/li><\/ul>\n<\/div><\/div>\n\n\n<style>.kadence-column_c650b3-1d > .kt-inside-inner-col{border-top-width:0px;border-right-width:0px;border-bottom-width:0px;border-left-width:0px;}.kadence-column_c650b3-1d > .kt-inside-inner-col,.kadence-column_c650b3-1d > .kt-inside-inner-col:before{border-top-left-radius:0px;border-top-right-radius:0px;border-bottom-right-radius:0px;border-bottom-left-radius:0px;}.kadence-column_c650b3-1d > .kt-inside-inner-col{column-gap:var(--global-kb-gap-sm, 1rem);}.kadence-column_c650b3-1d > .kt-inside-inner-col{flex-direction:column;}.kadence-column_c650b3-1d > .kt-inside-inner-col > .aligncenter{width:100%;}.kadence-column_c650b3-1d > .kt-inside-inner-col:before{opacity:0.3;}.kadence-column_c650b3-1d{position:relative;}@media all and (max-width: 1024px){.kadence-column_c650b3-1d > .kt-inside-inner-col{flex-direction:column;justify-content:center;}}@media all and (max-width: 767px){.kadence-column_c650b3-1d > .kt-inside-inner-col{flex-direction:column;justify-content:center;}}<\/style>\n<div class=\"wp-block-kadence-column inner-column-2 kadence-column_c650b3-1d\"><div class=\"kt-inside-inner-col\">\n<p><strong>Hrana i pi\u0107e<\/strong><\/p>\n\n\n\n<ul class=\"wp-block-list\"><li>kafi\u0107 u okviru objekta<\/li><li>vo\u0107e<\/li><li>obroci za djecu - \ndodatna naknada<\/li><li>jelovnik za poseban program ishrane (na zahtjev)<\/li><li>doru\u010dak u sobi<\/li><li>Bar<\/li><li>posluga u sobu<\/li><li>restoran<\/li><\/ul>\n\n\n\n<p><strong>Internet<\/strong><\/p>\n\n\n\n<p>Be\u017ei\u010dni pristup internetu dostupan je u cijelom objektu i ne napla\u0107uje se.<\/p>\n\n\n\n<p><strong>Parking<\/strong><\/p>\n\n\n\n<p>Privatno parkirali\u0161te dostupno je u blizini objekta i potrebna je rezervacija. Cijena parkirali\u0161ta iznosi 10 EUR po danu.<\/p>\n\n\n\n<p><strong>Prijevoz<\/strong><\/p>\n\n\n\n<ul class=\"wp-block-list\"><li>usluga prijevoza (dodatna naknada)<\/li><\/ul>\n\n\n\n<p><strong>Usluge recepcije<\/strong><\/p>\n\n\n\n<ul class=\"wp-block-list\"><li>Mo\u017ee izdati ra\u010dun<\/li><li>privatna prijava\/ odjava<\/li><li>mjenja\u010dnica<\/li><li>brza prijava\/odjava<\/li><li>Recepcija (24h)<\/li><\/ul>\n<\/div><\/div>\n\n\n<style>.kadence-column_c95def-58 > .kt-inside-inner-col{border-top-width:0px;border-right-width:0px;border-bottom-width:0px;border-left-width:0px;}.kadence-column_c95def-58 > .kt-inside-inner-col,.kadence-column_c95def-58 > .kt-inside-inner-col:before{border-top-left-radius:0px;border-top-right-radius:0px;border-bottom-right-radius:0px;border-bottom-left-radius:0px;}.kadence-column_c95def-58 > .kt-inside-inner-col{column-gap:var(--global-kb-gap-sm, 1rem);}.kadence-column_c95def-58 > .kt-inside-inner-col{flex-direction:column;}.kadence-column_c95def-58 > .kt-inside-inner-col > .aligncenter{width:100%;}.kadence-column_c95def-58 > .kt-inside-inner-col:before{opacity:0.3;}.kadence-column_c95def-58{position:relative;}@media all and (max-width: 1024px){.kadence-column_c95def-58 > .kt-inside-inner-col{flex-direction:column;justify-content:center;}}@media all and (max-width: 767px){.kadence-column_c95def-58 > .kt-inside-inner-col{flex-direction:column;justify-content:center;}}<\/style>\n<div class=\"wp-block-kadence-column inner-column-3 kadence-column_c95def-58\"><div class=\"kt-inside-inner-col\">\n<p><strong>Usluge \u010di\u0161\u0107enja<\/strong><\/p>\n\n\n\n<ul class=\"wp-block-list\"><li>usluga peglanja - \ndodatna naknada<\/li><\/ul>\n\n\n\n<p><strong>Sigurnost i za\u0161tita<\/strong><\/p>\n\n\n\n<ul class=\"wp-block-list\"><li>protupo\u017earni aparati<\/li><li>sigurnosni alarm<\/li><li>osiguranje 0-24<\/li><li>sef<\/li><\/ul>\n\n\n\n<p><strong>Wellness sadr\u017eaji<\/strong><\/p>\n\n\n\n<ul class=\"wp-block-list\"><li>ormari\u0107i na zaklju\u010davanje<\/li><li>le\u017ealjke za pla\u017eu - \ndodatna naknada<\/li><li>ru\u010dnici za bazen\/pla\u017eu<\/li><\/ul>\n\n\n\n<p><strong>Zajedni\u010dka podru\u010dja<\/strong><\/p>\n\n\n\n<ul class=\"wp-block-list\"><li>zajedni\u010dki salon\/TV<\/li><\/ul>\n\n\n\n<p><strong>Razno<\/strong><\/p>\n\n\n\n<ul class=\"wp-block-list\"><li>prostor za pu\u0161a\u010de<\/li><li>klima-ure\u0111aj<\/li><\/ul>\n\n\n\n<p><strong>Usluga dostupna na<\/strong><\/p>\n\n\n\n<ul class=\"wp-block-list\"><li>njema\u010dki<\/li><li>engleski<\/li><li>hrvatski<\/li><li>talijanski<\/li><\/ul>\n<\/div><\/div>\n<\/div><\/div><\/div>","protected":false},"excerpt":{"rendered":"<p>Otkrij Mo\u0161\u0107eni\u010dku Dragu<\/p>","protected":false},"author":1,"featured_media":0,"parent":0,"menu_order":0,"comment_status":"closed","ping_status":"closed","template":"templates\/template-fullwidth-boxed.php","meta":{"footnotes":""},"class_list":["post-45","page","type-page","status-publish","hentry"],"_links":{"self":[{"href":"https:\/\/aparthotel-gimi.com\/hr\/wp-json\/wp\/v2\/pages\/45","targetHints":{"allow":["GET"]}}],"collection":[{"href":"https:\/\/aparthotel-gimi.com\/hr\/wp-json\/wp\/v2\/pages"}],"about":[{"href":"https:\/\/aparthotel-gimi.com\/hr\/wp-json\/wp\/v2\/types\/page"}],"author":[{"embeddable":true,"href":"https:\/\/aparthotel-gimi.com\/hr\/wp-json\/wp\/v2\/users\/1"}],"replies":[{"embeddable":true,"href":"https:\/\/aparthotel-gimi.com\/hr\/wp-json\/wp\/v2\/comments?post=45"}],"version-history":[{"count":15,"href":"https:\/\/aparthotel-gimi.com\/hr\/wp-json\/wp\/v2\/pages\/45\/revisions"}],"predecessor-version":[{"id":431,"href":"https:\/\/aparthotel-gimi.com\/hr\/wp-json\/wp\/v2\/pages\/45\/revisions\/431"}],"wp:attachment":[{"href":"https:\/\/aparthotel-gimi.com\/hr\/wp-json\/wp\/v2\/media?parent=45"}],"curies":[{"name":"wp","href":"https:\/\/api.w.org\/{rel}","templated":true}]}}