{"id":296,"date":"2022-03-09T13:47:40","date_gmt":"2022-03-09T13:47:40","guid":{"rendered":"https:\/\/aparthotel-gimi.com\/?page_id=296"},"modified":"2022-03-10T13:07:43","modified_gmt":"2022-03-10T13:07:43","slug":"about-us","status":"publish","type":"page","link":"https:\/\/aparthotel-gimi.com\/hr\/about-us\/","title":{"rendered":"O nama"},"content":{"rendered":"<div class=\"wp-block-group alignfull has-ast-global-color-0-background-color has-background\"><div class=\"wp-block-group__inner-container is-layout-flow wp-block-group-is-layout-flow\">\n<div class=\"wp-block-media-text alignwide is-stacked-on-mobile is-vertically-aligned-center is-style-default\" style=\"grid-template-columns:41% auto\"><figure class=\"wp-block-media-text__media\"><img loading=\"lazy\" decoding=\"async\" width=\"512\" height=\"768\" src=\"https:\/\/aparthotel-gimi.com\/wp-content\/uploads\/2022\/03\/255646254.jpg\" alt=\"\" class=\"wp-image-318 size-full\" srcset=\"https:\/\/aparthotel-gimi.com\/wp-content\/uploads\/2022\/03\/255646254.jpg 512w, https:\/\/aparthotel-gimi.com\/wp-content\/uploads\/2022\/03\/255646254-200x300.jpg 200w\" sizes=\"auto, (max-width: 512px) 100vw, 512px\" \/><\/figure><div class=\"wp-block-media-text__content\">\n<h3 class=\"wp-block-heading\">Aparthotel Gimi<\/h3>\n\n\n\n<p>Novootvoreni Aparthotel Gimi u Mo\u0161\u0107eni\u010dkoj Dragi smje\u0161ten je uz najve\u0107u i najljep\u0161u \u0161ljun\u010danu pla\u017eu na Kvarneru te pru\u017ea pogled na more koji oduzima dah.<br>Izvanredna lokacija, moderno ure\u0111enje te kristalno \u010disto more i netaknuta priroda samo su neki od razloga<br>po kojima Aparthotel Gimi predstavlja idealan izbor za Va\u0161 odmor iz snova.<\/p>\n\n\n\n<h3 class=\"wp-block-heading\">Najpopularniji sadr\u017eaji<\/h3>\n\n\n\n<p><br>\u2013 Uz pla\u017eu<br>- Besplatni WiFi<br>\u2013 Bar<\/p>\n<\/div><\/div>\n\n\n\n<div id=\"block-9ed2b1-86f3-47\" class=\"wp-block-gutenbee-divider block-9ed2b1-86f3-47 align-center\" style=\"height:80px\"><div class=\"wp-block-gutenbee-divider-inner\" style=\"border-top-style:solid;border-top-width:1px;border-top-color:#000000;width:100%\"><\/div><\/div>\n\n\n\n<div class=\"wp-block-media-text alignwide has-media-on-the-right is-stacked-on-mobile is-vertically-aligned-center is-style-default\" style=\"grid-template-columns:auto 41%\"><figure class=\"wp-block-media-text__media\"><img loading=\"lazy\" decoding=\"async\" width=\"768\" height=\"1024\" src=\"https:\/\/aparthotel-gimi.com\/wp-content\/uploads\/2022\/03\/moscenicka-draga-768x1024.jpg\" alt=\"\" class=\"wp-image-323 size-full\" srcset=\"https:\/\/aparthotel-gimi.com\/wp-content\/uploads\/2022\/03\/moscenicka-draga-768x1024.jpg 768w, https:\/\/aparthotel-gimi.com\/wp-content\/uploads\/2022\/03\/moscenicka-draga-225x300.jpg 225w, https:\/\/aparthotel-gimi.com\/wp-content\/uploads\/2022\/03\/moscenicka-draga-1152x1536.jpg 1152w, https:\/\/aparthotel-gimi.com\/wp-content\/uploads\/2022\/03\/moscenicka-draga.jpg 1200w\" sizes=\"auto, (max-width: 768px) 100vw, 768px\" \/><\/figure><div class=\"wp-block-media-text__content\">\n<h3 class=\"wp-block-heading\">Mo\u0161\u0107eni\u010dka Draga<\/h3>\n\n\n\n<p>Na isto\u010dnoj obali istarskog poluotoka, u Kvarnerskom zaljevu, nedaleko povijesnih gradova Lovrana i Opatije smjestila se Mo\u0161\u0107eni\u010dka Draga,<br>mjesto koji spaja prekrasne pla\u017ee i udoban smje\u0161taj za nezaboravan odmor.<\/p>\n\n\n\n<p>Nastala je u 19. stolje\u0107u kada su se stanovnici grada Mo\u0161\u0107enica i okolnih mjesta doselili na obalu, uglavnom zbog ulova ribe.<br>Ovo mjesto razvilo se kao ribarska lu\u010dica grada Mo\u0161\u0107enica. Od malog ribarskog mjesta prerasla je u pravi \u201ebiser\u201c Opatijske rivijere.<br>Dana\u0161nje gospodarstvo bazira se uglavnom na turizmu i ugostiteljstvu,  ne\u0161to manje na ribarstvu.<\/p>\n\n\n\n<p>Podru\u010dje Mo\u0161\u0107eni\u010dke Drage ponosi se brojnim kulturno-povijesnim znamenitostima - stari grad Mo\u0161\u0107enice,<br>stari grad Brse\u010d, brojne crkve, atelijeri, stare vile, trgovi i uli\u010dice, glagolja\u0161ka ba\u0161tina i drugi vrijedni spomenici<br>koji predstavljaju tragove duge i \u0161arolike povijesti na ovom podru\u010dju.<\/p>\n<\/div><\/div>\n<\/div><\/div>","protected":false},"excerpt":{"rendered":"<p>Aparthotel Gimi The newly opened Aparthotel Gimi in Mo\u0161\u0107eni\u010dka Draga is located next to the largest and most beautiful pebble beach in Kvarner and offers [&hellip;]<\/p>\n","protected":false},"author":1,"featured_media":0,"parent":0,"menu_order":0,"comment_status":"closed","ping_status":"closed","template":"","meta":{"footnotes":""},"class_list":["post-296","page","type-page","status-publish","hentry"],"_links":{"self":[{"href":"https:\/\/aparthotel-gimi.com\/hr\/wp-json\/wp\/v2\/pages\/296","targetHints":{"allow":["GET"]}}],"collection":[{"href":"https:\/\/aparthotel-gimi.com\/hr\/wp-json\/wp\/v2\/pages"}],"about":[{"href":"https:\/\/aparthotel-gimi.com\/hr\/wp-json\/wp\/v2\/types\/page"}],"author":[{"embeddable":true,"href":"https:\/\/aparthotel-gimi.com\/hr\/wp-json\/wp\/v2\/users\/1"}],"replies":[{"embeddable":true,"href":"https:\/\/aparthotel-gimi.com\/hr\/wp-json\/wp\/v2\/comments?post=296"}],"version-history":[{"count":15,"href":"https:\/\/aparthotel-gimi.com\/hr\/wp-json\/wp\/v2\/pages\/296\/revisions"}],"predecessor-version":[{"id":420,"href":"https:\/\/aparthotel-gimi.com\/hr\/wp-json\/wp\/v2\/pages\/296\/revisions\/420"}],"wp:attachment":[{"href":"https:\/\/aparthotel-gimi.com\/hr\/wp-json\/wp\/v2\/media?parent=296"}],"curies":[{"name":"wp","href":"https:\/\/api.w.org\/{rel}","templated":true}]}}